{"id":31,"date":"2026-03-08T22:07:27","date_gmt":"2026-03-08T21:07:27","guid":{"rendered":"https:\/\/ola-i-kamil-2026.pl\/?page_id=31"},"modified":"2026-03-08T22:07:27","modified_gmt":"2026-03-08T21:07:27","slug":"miejsce-slubu","status":"publish","type":"page","link":"https:\/\/ola-i-kamil-2026.pl\/?page_id=31","title":{"rendered":"Miejsce \u015blubu"},"content":{"rendered":"\n<h2 class=\"wp-block-heading\"><\/h2>\n\n\n\n<p>Uroczysto\u015b\u0107 Za\u015blubin odb\u0119dzie si\u0119 17 pa\u017adziernika 2026 r. podczas Mszy \u015awi\u0119tej, kt\u00f3ra rozpocznie si\u0119 o godz. 14:30 w Ko\u015bciele Rzymskokatolickim pw. \u015bw. Jana Chrzciciela, 58-120 Jarosz\u00f3w 49<\/p>\n\n\n<iframe src=\"https:\/\/www.google.com\/maps\/embed?pb=!1m18!1m12!1m3!1d1913.077333864291!2d16.416853699999997!3d50.9879299!2m3!1f0!2f0!3f0!3m2!1i1024!2i768!4f13.1!3m3!1m2!1s0x470fa8d55e9a8315%3A0x5154446ce35dfb54!2sKo%C5%9Bci%C3%B3%C5%82%20Rzymskokatolicki%20pw.%20%C5%9Bw.%20Jana%20Chrzciciela!5e1!3m2!1spl!2spl!4v1773003818093!5m2!1spl!2spl\" width=\"600\" height=\"450\" style=\"border:0;\" allowfullscreen=\"\" loading=\"lazy\" referrerpolicy=\"no-referrer-when-downgrade\"><\/iframe>\n\n\n<p><a href=\"https:\/\/maps.app.goo.gl\/g8TKJaGkxhQCreAX6\">https:\/\/maps.app.goo.gl\/g8TKJaGkxhQCreAX6<\/a><\/p>\n","protected":false},"excerpt":{"rendered":"<p>Uroczysto\u015b\u0107 Za\u015blubin odb\u0119dzie si\u0119 17 pa\u017adziernika 2026 r. podczas Mszy \u015awi\u0119tej, kt\u00f3ra rozpocznie si\u0119 o godz. 14:30 w Ko\u015bciele Rzymskokatolickim pw. \u015bw. Jana Chrzciciela, 58-120 Jarosz\u00f3w 49 https:\/\/maps.app.goo.gl\/g8TKJaGkxhQCreAX6<\/p>\n","protected":false},"author":1,"featured_media":0,"parent":0,"menu_order":0,"comment_status":"closed","ping_status":"closed","template":"","meta":{"footnotes":""},"class_list":["post-31","page","type-page","status-publish","hentry"],"_links":{"self":[{"href":"https:\/\/ola-i-kamil-2026.pl\/index.php?rest_route=\/wp\/v2\/pages\/31","targetHints":{"allow":["GET"]}}],"collection":[{"href":"https:\/\/ola-i-kamil-2026.pl\/index.php?rest_route=\/wp\/v2\/pages"}],"about":[{"href":"https:\/\/ola-i-kamil-2026.pl\/index.php?rest_route=\/wp\/v2\/types\/page"}],"author":[{"embeddable":true,"href":"https:\/\/ola-i-kamil-2026.pl\/index.php?rest_route=\/wp\/v2\/users\/1"}],"replies":[{"embeddable":true,"href":"https:\/\/ola-i-kamil-2026.pl\/index.php?rest_route=%2Fwp%2Fv2%2Fcomments&post=31"}],"version-history":[{"count":3,"href":"https:\/\/ola-i-kamil-2026.pl\/index.php?rest_route=\/wp\/v2\/pages\/31\/revisions"}],"predecessor-version":[{"id":51,"href":"https:\/\/ola-i-kamil-2026.pl\/index.php?rest_route=\/wp\/v2\/pages\/31\/revisions\/51"}],"wp:attachment":[{"href":"https:\/\/ola-i-kamil-2026.pl\/index.php?rest_route=%2Fwp%2Fv2%2Fmedia&parent=31"}],"curies":[{"name":"wp","href":"https:\/\/api.w.org\/{rel}","templated":true}]}}