{"id":29,"date":"2026-03-08T22:17:07","date_gmt":"2026-03-08T21:17:07","guid":{"rendered":"https:\/\/ola-i-kamil-2026.pl\/?page_id=29"},"modified":"2026-03-08T22:17:07","modified_gmt":"2026-03-08T21:17:07","slug":"miejsce-wesela","status":"publish","type":"page","link":"https:\/\/ola-i-kamil-2026.pl\/?page_id=29","title":{"rendered":"Miejsce wesela"},"content":{"rendered":"\n<p>Po Za\u015blubinach odb\u0119dzie si\u0119 przyj\u0119cie weselne w sali Mi\u0119dzynarodowego Centrum Konferencyjnego \u201eKrzy\u017cowa\u201d:<\/p>\n\n\n\n<p>Krzy\u017cowa 7, 58-112 Grodziszcze<\/p>\n\n\n<iframe src=\"https:\/\/www.google.com\/maps\/embed?pb=!1m18!1m12!1m3!1d7683.48076547766!2d16.52860075526646!3d50.798597208934474!2m3!1f0!2f0!3f0!3m2!1i1024!2i768!4f13.1!3m3!1m2!1s0x470e4c62de6fb989%3A0xac0c6e8655105d2c!2zTWnEmWR6eW5hcm9kb3dlIENlbnRydW0gS29uZmVyZW5jeWpuZSDigJ5Lcnp5xbxvd2HigJ0!5e1!3m2!1spl!2spl!4v1773004571680!5m2!1spl!2spl\" width=\"600\" height=\"450\" style=\"border:0;\" allowfullscreen=\"\" loading=\"lazy\" referrerpolicy=\"no-referrer-when-downgrade\"><\/iframe>","protected":false},"excerpt":{"rendered":"<p>Po Za\u015blubinach odb\u0119dzie si\u0119 przyj\u0119cie weselne w sali Mi\u0119dzynarodowego Centrum Konferencyjnego \u201eKrzy\u017cowa\u201d: Krzy\u017cowa 7, 58-112 Grodziszcze<\/p>\n","protected":false},"author":1,"featured_media":0,"parent":0,"menu_order":0,"comment_status":"closed","ping_status":"closed","template":"","meta":{"footnotes":""},"class_list":["post-29","page","type-page","status-publish","hentry"],"_links":{"self":[{"href":"https:\/\/ola-i-kamil-2026.pl\/index.php?rest_route=\/wp\/v2\/pages\/29","targetHints":{"allow":["GET"]}}],"collection":[{"href":"https:\/\/ola-i-kamil-2026.pl\/index.php?rest_route=\/wp\/v2\/pages"}],"about":[{"href":"https:\/\/ola-i-kamil-2026.pl\/index.php?rest_route=\/wp\/v2\/types\/page"}],"author":[{"embeddable":true,"href":"https:\/\/ola-i-kamil-2026.pl\/index.php?rest_route=\/wp\/v2\/users\/1"}],"replies":[{"embeddable":true,"href":"https:\/\/ola-i-kamil-2026.pl\/index.php?rest_route=%2Fwp%2Fv2%2Fcomments&post=29"}],"version-history":[{"count":1,"href":"https:\/\/ola-i-kamil-2026.pl\/index.php?rest_route=\/wp\/v2\/pages\/29\/revisions"}],"predecessor-version":[{"id":55,"href":"https:\/\/ola-i-kamil-2026.pl\/index.php?rest_route=\/wp\/v2\/pages\/29\/revisions\/55"}],"wp:attachment":[{"href":"https:\/\/ola-i-kamil-2026.pl\/index.php?rest_route=%2Fwp%2Fv2%2Fmedia&parent=29"}],"curies":[{"name":"wp","href":"https:\/\/api.w.org\/{rel}","templated":true}]}}